{"id":42,"date":"2024-02-26T13:38:05","date_gmt":"2024-02-26T10:38:05","guid":{"rendered":"http:\/\/mw100.net\/?page_id=42"},"modified":"2024-02-28T11:01:54","modified_gmt":"2024-02-28T08:01:54","slug":"kunye","status":"publish","type":"page","link":"https:\/\/www.mw100.net\/?page_id=42","title":{"rendered":"K\u00fcnye"},"content":{"rendered":"\n<p>ENERJ\u0130 G\u00dcNL\u00dc\u011e\u00dc<\/p>\n\n\n\n<p><a href=\"http:\/\/www.enerjigunlugu.net\">enerjigunlugu.net<\/a><\/p>\n\n\n\n<p><strong>\u0130mtiyaz Sahibi \/ Grantee&nbsp;<\/strong><br>Enerji Yay\u0131nc\u0131l\u0131k \u0130leti\u015fim Medya&nbsp;ve&nbsp;Dan\u0131\u015fmanl\u0131k ad\u0131na;<br>Mehmet Kara<\/p>\n","protected":false},"excerpt":{"rendered":"<p>ENERJ\u0130 G\u00dcNL\u00dc\u011e\u00dc enerjigunlugu.net \u0130mtiyaz Sahibi \/ Grantee&nbsp;Enerji Yay\u0131nc\u0131l\u0131k \u0130leti\u015fim Medya&nbsp;ve&nbsp;Dan\u0131\u015fmanl\u0131k ad\u0131na;Mehmet Kara<\/p>\n","protected":false},"author":1,"featured_media":0,"parent":0,"menu_order":0,"comment_status":"closed","ping_status":"closed","template":"","meta":{"footnotes":""},"_links":{"self":[{"href":"https:\/\/www.mw100.net\/index.php?rest_route=\/wp\/v2\/pages\/42"}],"collection":[{"href":"https:\/\/www.mw100.net\/index.php?rest_route=\/wp\/v2\/pages"}],"about":[{"href":"https:\/\/www.mw100.net\/index.php?rest_route=\/wp\/v2\/types\/page"}],"author":[{"embeddable":true,"href":"https:\/\/www.mw100.net\/index.php?rest_route=\/wp\/v2\/users\/1"}],"replies":[{"embeddable":true,"href":"https:\/\/www.mw100.net\/index.php?rest_route=%2Fwp%2Fv2%2Fcomments&post=42"}],"version-history":[{"count":3,"href":"https:\/\/www.mw100.net\/index.php?rest_route=\/wp\/v2\/pages\/42\/revisions"}],"predecessor-version":[{"id":59,"href":"https:\/\/www.mw100.net\/index.php?rest_route=\/wp\/v2\/pages\/42\/revisions\/59"}],"wp:attachment":[{"href":"https:\/\/www.mw100.net\/index.php?rest_route=%2Fwp%2Fv2%2Fmedia&parent=42"}],"curies":[{"name":"wp","href":"https:\/\/api.w.org\/{rel}","templated":true}]}}