{"id":45,"date":"2024-02-26T13:41:13","date_gmt":"2024-02-26T10:41:13","guid":{"rendered":"http:\/\/mw100.net\/?page_id=45"},"modified":"2024-03-12T19:37:19","modified_gmt":"2024-03-12T16:37:19","slug":"iletisim","status":"publish","type":"page","link":"https:\/\/www.mw100.net\/?page_id=45","title":{"rendered":"\u0130leti\u015fim"},"content":{"rendered":"\n<p>Enerji G\u00fcnl\u00fc\u011f\u00fc<\/p>\n\n\n\n<p>\u015ei\u015fli \/ \u0130stanbul<\/p>\n\n\n\n<p>Telefon: +90 850 372 2550<\/p>\n\n\n\n<p>E-posta: <a href=\"mailto:bilgi@enerjigunlugu.net\">bilgi@enerjigunlugu.net<\/a><\/p>\n","protected":false},"excerpt":{"rendered":"<p>Enerji G\u00fcnl\u00fc\u011f\u00fc \u015ei\u015fli \/ \u0130stanbul Telefon: +90 850 372 2550 E-posta: bilgi@enerjigunlugu.net<\/p>\n","protected":false},"author":1,"featured_media":0,"parent":0,"menu_order":0,"comment_status":"closed","ping_status":"closed","template":"","meta":{"footnotes":""},"_links":{"self":[{"href":"https:\/\/www.mw100.net\/index.php?rest_route=\/wp\/v2\/pages\/45"}],"collection":[{"href":"https:\/\/www.mw100.net\/index.php?rest_route=\/wp\/v2\/pages"}],"about":[{"href":"https:\/\/www.mw100.net\/index.php?rest_route=\/wp\/v2\/types\/page"}],"author":[{"embeddable":true,"href":"https:\/\/www.mw100.net\/index.php?rest_route=\/wp\/v2\/users\/1"}],"replies":[{"embeddable":true,"href":"https:\/\/www.mw100.net\/index.php?rest_route=%2Fwp%2Fv2%2Fcomments&post=45"}],"version-history":[{"count":5,"href":"https:\/\/www.mw100.net\/index.php?rest_route=\/wp\/v2\/pages\/45\/revisions"}],"predecessor-version":[{"id":85,"href":"https:\/\/www.mw100.net\/index.php?rest_route=\/wp\/v2\/pages\/45\/revisions\/85"}],"wp:attachment":[{"href":"https:\/\/www.mw100.net\/index.php?rest_route=%2Fwp%2Fv2%2Fmedia&parent=45"}],"curies":[{"name":"wp","href":"https:\/\/api.w.org\/{rel}","templated":true}]}}